{"id":2,"date":"2024-05-08T17:22:37","date_gmt":"2024-05-08T17:22:37","guid":{"rendered":"http:\/\/fotomk.pl\/?page_id=2"},"modified":"2024-05-24T21:38:37","modified_gmt":"2024-05-24T19:38:37","slug":"o-mnie","status":"publish","type":"page","link":"https:\/\/fotomk.pl\/index.php\/o-mnie\/","title":{"rendered":"O mnie"},"content":{"rendered":"\n<p><strong>Cze\u015b\u0107 wszystkim!<\/strong><\/p>\n\n\n\n<p>Jest mi niezmiernie mi\u0142o powita\u0107 Was na mojej fotograficznej stronie! Jak wielu z Was wie moja przygoda z fotografi\u0105 trwa od zawsze. Jednak od pewnego czasu postanowi\u0142em rozwin\u0105\u0107 si\u0119 w tym zakresie i z ogromn\u0105 pasj\u0105 zajmuj\u0119 si\u0119 fotografi\u0105 reporta\u017cow\u0105.<\/p>\n\n\n\n<p>Moje obiektywy towarzysz\u0105 Wam w najwa\u017cniejszych momentach \u017cycia \u2013 od chrzcin, przez komunie, osiemnaste urodziny i \u015bluby!<\/p>\n\n\n\n<p><a><\/a>Fotografia to dla mnie nie tylko hobby, ale przede wszystkim spos\u00f3b na uchwycenie tych wyj\u0105tkowych chwil, kt\u00f3re warto zachowa\u0107 na zawsze.<\/p>\n\n\n\n<p>Co mnie wyr\u00f3\u017cnia?<\/p>\n\n\n\n<p>Przede wszystkim \u015bwietny kontakt z lud\u017ami, rzetelno\u015b\u0107, terminowo\u015b\u0107 i pe\u0142ne zaanga\u017cowanie w ka\u017cde zlecenie. W mojej pracy staram si\u0119 odda\u0107 nie tylko obraz, ale i emocje, kt\u00f3re towarzysz\u0105 ka\u017cdemu wydarzeniu.<\/p>\n\n\n\n<p>Zapraszam Was do \u015bledzenia tej strony, gdzie b\u0119d\u0119 dzieli\u0142 si\u0119 z Wami efektami mojej pracy, kulisami sesji zdj\u0119ciowych oraz poradami fotograficznymi. Je\u015bli macie jakiekolwiek pytania lub chcieliby\u015bcie zarezerwowa\u0107 sesj\u0119, nie wahajcie si\u0119 do mnie napisa\u0107.<\/p>\n\n\n\n<p>Dzi\u0119kuj\u0119, \u017ce jeste\u015bcie tutaj ze mn\u0105 i mam nadziej\u0119, \u017ce moje zdj\u0119cia b\u0119d\u0105 dla Was tak samo wyj\u0105tkowe, jak dla mnie jest ich tworzenie.<\/p>\n\n\n\n<p><strong>Do zobaczenia przed obiektywem!<\/strong><\/p>\n\n\n\n<p><strong>Marcin<\/strong><\/p>\n","protected":false},"excerpt":{"rendered":"<p>Cze\u015b\u0107 wszystkim! Jest mi niezmiernie mi\u0142o powita\u0107 Was na mojej fotograficznej stronie! Jak wielu z Was wie moja przygoda z fotografi\u0105 trwa od zawsze. Jednak od pewnego czasu postanowi\u0142em rozwin\u0105\u0107 si\u0119 w tym zakresie i z ogromn\u0105 pasj\u0105 zajmuj\u0119 si\u0119&#8230;<\/p>\n","protected":false},"author":1,"featured_media":0,"parent":0,"menu_order":0,"comment_status":"closed","ping_status":"open","template":"","meta":{"ngg_post_thumbnail":0,"footnotes":""},"class_list":["post-2","page","type-page","status-publish","hentry"],"_links":{"self":[{"href":"https:\/\/fotomk.pl\/index.php\/wp-json\/wp\/v2\/pages\/2","targetHints":{"allow":["GET"]}}],"collection":[{"href":"https:\/\/fotomk.pl\/index.php\/wp-json\/wp\/v2\/pages"}],"about":[{"href":"https:\/\/fotomk.pl\/index.php\/wp-json\/wp\/v2\/types\/page"}],"author":[{"embeddable":true,"href":"https:\/\/fotomk.pl\/index.php\/wp-json\/wp\/v2\/users\/1"}],"replies":[{"embeddable":true,"href":"https:\/\/fotomk.pl\/index.php\/wp-json\/wp\/v2\/comments?post=2"}],"version-history":[{"count":1,"href":"https:\/\/fotomk.pl\/index.php\/wp-json\/wp\/v2\/pages\/2\/revisions"}],"predecessor-version":[{"id":46,"href":"https:\/\/fotomk.pl\/index.php\/wp-json\/wp\/v2\/pages\/2\/revisions\/46"}],"wp:attachment":[{"href":"https:\/\/fotomk.pl\/index.php\/wp-json\/wp\/v2\/media?parent=2"}],"curies":[{"name":"wp","href":"https:\/\/api.w.org\/{rel}","templated":true}]}}