{"id":38,"date":"2024-05-24T21:10:14","date_gmt":"2024-05-24T19:10:14","guid":{"rendered":"https:\/\/fotomk.pl\/?page_id=38"},"modified":"2024-12-30T15:50:55","modified_gmt":"2024-12-30T14:50:55","slug":"terminy","status":"publish","type":"page","link":"https:\/\/fotomk.pl\/index.php\/terminy\/","title":{"rendered":"Terminy"},"content":{"rendered":"\n<div id=\"mec_skin_37\" class=\"mec-wrap   \">\r\n\r\n    \r\n    <div class=\"mec-calendar \" id=\"mec_skin_events_37_full\">\r\n        <div class=\"mec-calendar-topsec\">        <div class=\"mec-calendar-side mec-clear\">\r\n                        <div class=\"mec-skin-monthly-view-month-navigator-container\">\r\n                <div class=\"mec-month-navigator\" id=\"mec_month_navigator_37_202604\"><div class=\"mec-previous-month mec-load-month mec-previous-month\" data-mec-year=\"2026\" data-mec-month=\"03\"><a href=\"#\" class=\"mec-load-month-link\"><i class=\"mec-sl-angle-left\"><\/i> marzec<\/a><\/div><div class=\"mec-calendar-header\"><h2>kwiecie\u0144 2026<\/h2><\/div><div class=\"mec-next-month mec-load-month mec-next-month\" data-mec-year=\"2026\" data-mec-month=\"05\"><a href=\"#\" class=\"mec-load-month-link\">maj <i class=\"mec-sl-angle-right\"><\/i><\/a><\/div><\/div>\r\n            <\/div>\r\n            \r\n            <div class=\"mec-calendar-table\" id=\"mec_skin_events_37\">\r\n                <div class=\"mec-month-container mec-month-container-selected\" id=\"mec_monthly_view_month_37_202604\" data-month-id=\"202604\"><dl class=\"mec-calendar-table-head\"><dt class=\"mec-calendar-day-head\">PN<\/dt><dt class=\"mec-calendar-day-head\">WT<\/dt><dt class=\"mec-calendar-day-head\">\u015aR<\/dt><dt class=\"mec-calendar-day-head\">CZW<\/dt><dt class=\"mec-calendar-day-head\">PT<\/dt><dt class=\"mec-calendar-day-head\">SOB<\/dt><dt class=\"mec-calendar-day-head\">NIE<\/dt><\/dl><dl class=\"mec-calendar-row\">\r\n    <dt class=\"mec-table-nullday\">30<\/dt><dt class=\"mec-table-nullday\">31<\/dt><dt class=\"mec-calendar-day \" data-mec-cell=\"20260401\" data-day=\"1\" data-month=\"202604\">1<\/dt><\/dt><dt class=\"mec-calendar-day \" data-mec-cell=\"20260402\" data-day=\"2\" data-month=\"202604\">2<\/dt><\/dt><dt class=\"mec-calendar-day \" data-mec-cell=\"20260403\" data-day=\"3\" data-month=\"202604\">3<\/dt><\/dt><dt class=\"mec-calendar-day \" data-mec-cell=\"20260404\" data-day=\"4\" data-month=\"202604\">4<\/dt><\/dt><dt class=\"mec-calendar-day \" data-mec-cell=\"20260405\" data-day=\"5\" data-month=\"202604\">5<\/dt><\/dt><\/dl><dl class=\"mec-calendar-row\"><dt class=\"mec-calendar-day \" data-mec-cell=\"20260406\" data-day=\"6\" data-month=\"202604\">6<\/dt><\/dt><dt class=\"mec-calendar-day \" data-mec-cell=\"20260407\" data-day=\"7\" data-month=\"202604\">7<\/dt><\/dt><dt class=\"mec-calendar-day \" data-mec-cell=\"20260408\" data-day=\"8\" data-month=\"202604\">8<\/dt><\/dt><dt class=\"mec-calendar-day \" data-mec-cell=\"20260409\" data-day=\"9\" data-month=\"202604\">9<\/dt><\/dt><dt class=\"mec-calendar-day \" data-mec-cell=\"20260410\" data-day=\"10\" data-month=\"202604\">10<\/dt><\/dt><dt class=\"mec-calendar-day \" data-mec-cell=\"20260411\" data-day=\"11\" data-month=\"202604\">11<\/dt><\/dt><dt class=\"mec-calendar-day \" data-mec-cell=\"20260412\" data-day=\"12\" data-month=\"202604\">12<\/dt><\/dt><\/dl><dl class=\"mec-calendar-row\"><dt class=\"mec-calendar-day \" data-mec-cell=\"20260413\" data-day=\"13\" data-month=\"202604\">13<\/dt><\/dt><dt class=\"mec-calendar-day \" data-mec-cell=\"20260414\" data-day=\"14\" data-month=\"202604\">14<\/dt><\/dt><dt class=\"mec-calendar-day \" data-mec-cell=\"20260415\" data-day=\"15\" data-month=\"202604\">15<\/dt><\/dt><dt class=\"mec-calendar-day \" data-mec-cell=\"20260416\" data-day=\"16\" data-month=\"202604\">16<\/dt><\/dt><dt class=\"mec-calendar-day \" data-mec-cell=\"20260417\" data-day=\"17\" data-month=\"202604\">17<\/dt><\/dt><dt class=\"mec-calendar-day \" data-mec-cell=\"20260418\" data-day=\"18\" data-month=\"202604\">18<\/dt><\/dt><dt class=\"mec-calendar-day \" data-mec-cell=\"20260419\" data-day=\"19\" data-month=\"202604\">19<\/dt><\/dt><\/dl><dl class=\"mec-calendar-row\"><dt class=\"mec-calendar-day \" data-mec-cell=\"20260420\" data-day=\"20\" data-month=\"202604\">20<\/dt><\/dt><dt class=\"mec-calendar-day \" data-mec-cell=\"20260421\" data-day=\"21\" data-month=\"202604\">21<\/dt><\/dt><dt class=\"mec-calendar-day \" data-mec-cell=\"20260422\" data-day=\"22\" data-month=\"202604\">22<\/dt><\/dt><dt class=\"mec-calendar-day \" data-mec-cell=\"20260423\" data-day=\"23\" data-month=\"202604\">23<\/dt><\/dt><dt class=\"mec-calendar-day \" data-mec-cell=\"20260424\" data-day=\"24\" data-month=\"202604\">24<\/dt><\/dt><dt class=\"mec-calendar-day \" data-mec-cell=\"20260425\" data-day=\"25\" data-month=\"202604\">25<\/dt><\/dt><dt class=\"mec-calendar-day \" data-mec-cell=\"20260426\" data-day=\"26\" data-month=\"202604\">26<\/dt><\/dt><\/dl><dl class=\"mec-calendar-row\"><dt class=\"mec-calendar-day \" data-mec-cell=\"20260427\" data-day=\"27\" data-month=\"202604\">27<\/dt><\/dt><dt class=\"mec-calendar-day \" data-mec-cell=\"20260428\" data-day=\"28\" data-month=\"202604\">28<\/dt><\/dt><dt class=\"mec-calendar-day  mec-selected-day\" data-mec-cell=\"20260429\" data-day=\"29\" data-month=\"202604\">29<\/dt><\/dt><dt class=\"mec-calendar-day \" data-mec-cell=\"20260430\" data-day=\"30\" data-month=\"202604\">30<\/dt><\/dt><dt class=\"mec-table-nullday\">1<\/dt><dt class=\"mec-table-nullday\">2<\/dt><dt class=\"mec-table-nullday\">3<\/dt><\/dl>\r\n<\/div>\r\n            <\/div>\r\n\r\n                    <\/div>\r\n        <div class=\"mec-calendar-events-side mec-clear\"><div class=\"mec-month-side\" id=\"mec_month_side_37_202604\"><div class=\"mec-calendar-events-sec\" id=\"mec-calendar-events-sec-37-20260401\" data-mec-cell=\"20260401\" ><h6 class=\"mec-table-side-title\">Wydarzenia dla kwiecie\u0144<\/h6><h3 class=\"mec-color mec-table-side-day\"> 1st<\/h3><article class=\"mec-event-article\"><div class=\"mec-event-detail\">Brak wydarze\u0144<\/div><\/article><\/div><div class=\"mec-calendar-events-sec\" id=\"mec-calendar-events-sec-37-20260402\" data-mec-cell=\"20260402\" ><h6 class=\"mec-table-side-title\">Wydarzenia dla kwiecie\u0144<\/h6><h3 class=\"mec-color mec-table-side-day\"> 2nd<\/h3><article class=\"mec-event-article\"><div class=\"mec-event-detail\">Brak wydarze\u0144<\/div><\/article><\/div><div class=\"mec-calendar-events-sec\" id=\"mec-calendar-events-sec-37-20260403\" data-mec-cell=\"20260403\" ><h6 class=\"mec-table-side-title\">Wydarzenia dla kwiecie\u0144<\/h6><h3 class=\"mec-color mec-table-side-day\"> 3rd<\/h3><article class=\"mec-event-article\"><div class=\"mec-event-detail\">Brak wydarze\u0144<\/div><\/article><\/div><div class=\"mec-calendar-events-sec\" id=\"mec-calendar-events-sec-37-20260404\" data-mec-cell=\"20260404\" ><h6 class=\"mec-table-side-title\">Wydarzenia dla kwiecie\u0144<\/h6><h3 class=\"mec-color mec-table-side-day\"> 4th<\/h3><article class=\"mec-event-article\"><div class=\"mec-event-detail\">Brak wydarze\u0144<\/div><\/article><\/div><div class=\"mec-calendar-events-sec\" id=\"mec-calendar-events-sec-37-20260405\" data-mec-cell=\"20260405\" ><h6 class=\"mec-table-side-title\">Wydarzenia dla kwiecie\u0144<\/h6><h3 class=\"mec-color mec-table-side-day\"> 5th<\/h3><article class=\"mec-event-article\"><div class=\"mec-event-detail\">Brak wydarze\u0144<\/div><\/article><\/div><div class=\"mec-calendar-events-sec\" id=\"mec-calendar-events-sec-37-20260406\" data-mec-cell=\"20260406\" ><h6 class=\"mec-table-side-title\">Wydarzenia dla kwiecie\u0144<\/h6><h3 class=\"mec-color mec-table-side-day\"> 6th<\/h3><article class=\"mec-event-article\"><div class=\"mec-event-detail\">Brak wydarze\u0144<\/div><\/article><\/div><div class=\"mec-calendar-events-sec\" id=\"mec-calendar-events-sec-37-20260407\" data-mec-cell=\"20260407\" ><h6 class=\"mec-table-side-title\">Wydarzenia dla kwiecie\u0144<\/h6><h3 class=\"mec-color mec-table-side-day\"> 7th<\/h3><article class=\"mec-event-article\"><div class=\"mec-event-detail\">Brak wydarze\u0144<\/div><\/article><\/div><div class=\"mec-calendar-events-sec\" id=\"mec-calendar-events-sec-37-20260408\" data-mec-cell=\"20260408\" ><h6 class=\"mec-table-side-title\">Wydarzenia dla kwiecie\u0144<\/h6><h3 class=\"mec-color mec-table-side-day\"> 8th<\/h3><article class=\"mec-event-article\"><div class=\"mec-event-detail\">Brak wydarze\u0144<\/div><\/article><\/div><div class=\"mec-calendar-events-sec\" id=\"mec-calendar-events-sec-37-20260409\" data-mec-cell=\"20260409\" ><h6 class=\"mec-table-side-title\">Wydarzenia dla kwiecie\u0144<\/h6><h3 class=\"mec-color mec-table-side-day\"> 9th<\/h3><article class=\"mec-event-article\"><div class=\"mec-event-detail\">Brak wydarze\u0144<\/div><\/article><\/div><div class=\"mec-calendar-events-sec\" id=\"mec-calendar-events-sec-37-20260410\" data-mec-cell=\"20260410\" ><h6 class=\"mec-table-side-title\">Wydarzenia dla kwiecie\u0144<\/h6><h3 class=\"mec-color mec-table-side-day\"> 10th<\/h3><article class=\"mec-event-article\"><div class=\"mec-event-detail\">Brak wydarze\u0144<\/div><\/article><\/div><div class=\"mec-calendar-events-sec\" id=\"mec-calendar-events-sec-37-20260411\" data-mec-cell=\"20260411\" ><h6 class=\"mec-table-side-title\">Wydarzenia dla kwiecie\u0144<\/h6><h3 class=\"mec-color mec-table-side-day\"> 11th<\/h3><article class=\"mec-event-article\"><div class=\"mec-event-detail\">Brak wydarze\u0144<\/div><\/article><\/div><div class=\"mec-calendar-events-sec\" id=\"mec-calendar-events-sec-37-20260412\" data-mec-cell=\"20260412\" ><h6 class=\"mec-table-side-title\">Wydarzenia dla kwiecie\u0144<\/h6><h3 class=\"mec-color mec-table-side-day\"> 12th<\/h3><article class=\"mec-event-article\"><div class=\"mec-event-detail\">Brak wydarze\u0144<\/div><\/article><\/div><div class=\"mec-calendar-events-sec\" id=\"mec-calendar-events-sec-37-20260413\" data-mec-cell=\"20260413\" ><h6 class=\"mec-table-side-title\">Wydarzenia dla kwiecie\u0144<\/h6><h3 class=\"mec-color mec-table-side-day\"> 13th<\/h3><article class=\"mec-event-article\"><div class=\"mec-event-detail\">Brak wydarze\u0144<\/div><\/article><\/div><div class=\"mec-calendar-events-sec\" id=\"mec-calendar-events-sec-37-20260414\" data-mec-cell=\"20260414\" ><h6 class=\"mec-table-side-title\">Wydarzenia dla kwiecie\u0144<\/h6><h3 class=\"mec-color mec-table-side-day\"> 14th<\/h3><article class=\"mec-event-article\"><div class=\"mec-event-detail\">Brak wydarze\u0144<\/div><\/article><\/div><div class=\"mec-calendar-events-sec\" id=\"mec-calendar-events-sec-37-20260415\" data-mec-cell=\"20260415\" ><h6 class=\"mec-table-side-title\">Wydarzenia dla kwiecie\u0144<\/h6><h3 class=\"mec-color mec-table-side-day\"> 15th<\/h3><article class=\"mec-event-article\"><div class=\"mec-event-detail\">Brak wydarze\u0144<\/div><\/article><\/div><div class=\"mec-calendar-events-sec\" id=\"mec-calendar-events-sec-37-20260416\" data-mec-cell=\"20260416\" ><h6 class=\"mec-table-side-title\">Wydarzenia dla kwiecie\u0144<\/h6><h3 class=\"mec-color mec-table-side-day\"> 16th<\/h3><article class=\"mec-event-article\"><div class=\"mec-event-detail\">Brak wydarze\u0144<\/div><\/article><\/div><div class=\"mec-calendar-events-sec\" id=\"mec-calendar-events-sec-37-20260417\" data-mec-cell=\"20260417\" ><h6 class=\"mec-table-side-title\">Wydarzenia dla kwiecie\u0144<\/h6><h3 class=\"mec-color mec-table-side-day\"> 17th<\/h3><article class=\"mec-event-article\"><div class=\"mec-event-detail\">Brak wydarze\u0144<\/div><\/article><\/div><div class=\"mec-calendar-events-sec\" id=\"mec-calendar-events-sec-37-20260418\" data-mec-cell=\"20260418\" ><h6 class=\"mec-table-side-title\">Wydarzenia dla kwiecie\u0144<\/h6><h3 class=\"mec-color mec-table-side-day\"> 18th<\/h3><article class=\"mec-event-article\"><div class=\"mec-event-detail\">Brak wydarze\u0144<\/div><\/article><\/div><div class=\"mec-calendar-events-sec\" id=\"mec-calendar-events-sec-37-20260419\" data-mec-cell=\"20260419\" ><h6 class=\"mec-table-side-title\">Wydarzenia dla kwiecie\u0144<\/h6><h3 class=\"mec-color mec-table-side-day\"> 19th<\/h3><article class=\"mec-event-article\"><div class=\"mec-event-detail\">Brak wydarze\u0144<\/div><\/article><\/div><div class=\"mec-calendar-events-sec\" id=\"mec-calendar-events-sec-37-20260420\" data-mec-cell=\"20260420\" ><h6 class=\"mec-table-side-title\">Wydarzenia dla kwiecie\u0144<\/h6><h3 class=\"mec-color mec-table-side-day\"> 20th<\/h3><article class=\"mec-event-article\"><div class=\"mec-event-detail\">Brak wydarze\u0144<\/div><\/article><\/div><div class=\"mec-calendar-events-sec\" id=\"mec-calendar-events-sec-37-20260421\" data-mec-cell=\"20260421\" ><h6 class=\"mec-table-side-title\">Wydarzenia dla kwiecie\u0144<\/h6><h3 class=\"mec-color mec-table-side-day\"> 21st<\/h3><article class=\"mec-event-article\"><div class=\"mec-event-detail\">Brak wydarze\u0144<\/div><\/article><\/div><div class=\"mec-calendar-events-sec\" id=\"mec-calendar-events-sec-37-20260422\" data-mec-cell=\"20260422\" ><h6 class=\"mec-table-side-title\">Wydarzenia dla kwiecie\u0144<\/h6><h3 class=\"mec-color mec-table-side-day\"> 22nd<\/h3><article class=\"mec-event-article\"><div class=\"mec-event-detail\">Brak wydarze\u0144<\/div><\/article><\/div><div class=\"mec-calendar-events-sec\" id=\"mec-calendar-events-sec-37-20260423\" data-mec-cell=\"20260423\" ><h6 class=\"mec-table-side-title\">Wydarzenia dla kwiecie\u0144<\/h6><h3 class=\"mec-color mec-table-side-day\"> 23rd<\/h3><article class=\"mec-event-article\"><div class=\"mec-event-detail\">Brak wydarze\u0144<\/div><\/article><\/div><div class=\"mec-calendar-events-sec\" id=\"mec-calendar-events-sec-37-20260424\" data-mec-cell=\"20260424\" ><h6 class=\"mec-table-side-title\">Wydarzenia dla kwiecie\u0144<\/h6><h3 class=\"mec-color mec-table-side-day\"> 24th<\/h3><article class=\"mec-event-article\"><div class=\"mec-event-detail\">Brak wydarze\u0144<\/div><\/article><\/div><div class=\"mec-calendar-events-sec\" id=\"mec-calendar-events-sec-37-20260425\" data-mec-cell=\"20260425\" ><h6 class=\"mec-table-side-title\">Wydarzenia dla kwiecie\u0144<\/h6><h3 class=\"mec-color mec-table-side-day\"> 25th<\/h3><article class=\"mec-event-article\"><div class=\"mec-event-detail\">Brak wydarze\u0144<\/div><\/article><\/div><div class=\"mec-calendar-events-sec\" id=\"mec-calendar-events-sec-37-20260426\" data-mec-cell=\"20260426\" ><h6 class=\"mec-table-side-title\">Wydarzenia dla kwiecie\u0144<\/h6><h3 class=\"mec-color mec-table-side-day\"> 26th<\/h3><article class=\"mec-event-article\"><div class=\"mec-event-detail\">Brak wydarze\u0144<\/div><\/article><\/div><div class=\"mec-calendar-events-sec\" id=\"mec-calendar-events-sec-37-20260427\" data-mec-cell=\"20260427\" ><h6 class=\"mec-table-side-title\">Wydarzenia dla kwiecie\u0144<\/h6><h3 class=\"mec-color mec-table-side-day\"> 27th<\/h3><article class=\"mec-event-article\"><div class=\"mec-event-detail\">Brak wydarze\u0144<\/div><\/article><\/div><div class=\"mec-calendar-events-sec\" id=\"mec-calendar-events-sec-37-20260428\" data-mec-cell=\"20260428\" ><h6 class=\"mec-table-side-title\">Wydarzenia dla kwiecie\u0144<\/h6><h3 class=\"mec-color mec-table-side-day\"> 28th<\/h3><article class=\"mec-event-article\"><div class=\"mec-event-detail\">Brak wydarze\u0144<\/div><\/article><\/div><div class=\"mec-calendar-events-sec\" id=\"mec-calendar-events-sec-37-20260429\" data-mec-cell=\"20260429\"  style=\"display: block;\"><h6 class=\"mec-table-side-title\">Wydarzenia dla kwiecie\u0144<\/h6><h3 class=\"mec-color mec-table-side-day\"> 29th<\/h3><article class=\"mec-event-article\"><div class=\"mec-event-detail\">Brak wydarze\u0144<\/div><\/article><\/div><div class=\"mec-calendar-events-sec\" id=\"mec-calendar-events-sec-37-20260430\" data-mec-cell=\"20260430\" ><h6 class=\"mec-table-side-title\">Wydarzenia dla kwiecie\u0144<\/h6><h3 class=\"mec-color mec-table-side-day\"> 30th<\/h3><article class=\"mec-event-article\"><div class=\"mec-event-detail\">Brak wydarze\u0144<\/div><\/article><\/div><\/div><\/div><\/div><div class=\"mec-event-footer\"><\/div>    <\/div>\r\n\r\n        \r\n        <div class=\"mec-modal-result\"><\/div>\r\n\r\n<\/div>\n\n\n\n<p><\/p>\n\n\n\n<p><strong>Znalaz\u0142e\u015b wolny termin, i jeste\u015b zainteresowany, napisz do mnie:<\/strong><\/p>\n\n\n<style id=\"wpforms-css-vars-120\">\n\t\t\t\t#wpforms-120 {\n\t\t\t\t\n\t\t\t}\n\t\t\t<\/style><div class=\"wpforms-container wpforms-container-full wpforms-render-modern\" id=\"wpforms-120\"><form id=\"wpforms-form-120\" class=\"wpforms-validate wpforms-form wpforms-ajax-form\" data-formid=\"120\" method=\"post\" enctype=\"multipart\/form-data\" action=\"\/index.php\/wp-json\/wp\/v2\/pages\/38\" data-token=\"26a555594322c451d8e9813af48e45e0\" data-token-time=\"1777443877\"><noscript class=\"wpforms-error-noscript\">Aby wype\u0142ni\u0107 ten formularz, w\u0142\u0105cz obs\u0142ug\u0119 JavaScript w przegl\u0105darce.<\/noscript><div id=\"wpforms-error-noscript\" style=\"display: none;\">Aby wype\u0142ni\u0107 ten formularz, w\u0142\u0105cz obs\u0142ug\u0119 JavaScript w przegl\u0105darce.<\/div><div class=\"wpforms-field-container\"><div id=\"wpforms-120-field_0-container\" class=\"wpforms-field wpforms-field-name\" data-field-id=\"0\"><fieldset><legend class=\"wpforms-field-label\">Imi\u0119 i nazwisko <span class=\"wpforms-required-label\" aria-hidden=\"true\">*<\/span><\/legend><div class=\"wpforms-field-row wpforms-field-medium\"><div class=\"wpforms-field-row-block wpforms-first wpforms-one-half\"><input type=\"text\" id=\"wpforms-120-field_0\" class=\"wpforms-field-name-first wpforms-field-required\" name=\"wpforms[fields][0][first]\" aria-errormessage=\"wpforms-120-field_0-error\" required><label for=\"wpforms-120-field_0\" class=\"wpforms-field-sublabel after\">Pierwszy<\/label><\/div><div class=\"wpforms-field-row-block wpforms-one-half\"><input type=\"text\" id=\"wpforms-120-field_0-last\" class=\"wpforms-field-name-last wpforms-field-required\" name=\"wpforms[fields][0][last]\" aria-errormessage=\"wpforms-120-field_0-last-error\" required><label for=\"wpforms-120-field_0-last\" class=\"wpforms-field-sublabel after\">Ostatni<\/label><\/div><\/div><\/fieldset><\/div><div id=\"wpforms-120-field_5-container\" class=\"wpforms-field wpforms-field-text\" data-field-id=\"5\"><label class=\"wpforms-field-label\" for=\"wpforms-120-field_5\">Termin<\/label><input type=\"text\" id=\"wpforms-120-field_5\" class=\"wpforms-field-medium\" name=\"wpforms[fields][5]\" aria-errormessage=\"wpforms-120-field_5-error\" ><\/div><div id=\"wpforms-120-field_1-container\" class=\"wpforms-field wpforms-field-email\" data-field-id=\"1\"><label class=\"wpforms-field-label\" for=\"wpforms-120-field_1\">Adres e-mail <span class=\"wpforms-required-label\" aria-hidden=\"true\">*<\/span><\/label><input type=\"email\" id=\"wpforms-120-field_1\" class=\"wpforms-field-medium wpforms-field-required\" name=\"wpforms[fields][1]\" spellcheck=\"false\" aria-errormessage=\"wpforms-120-field_1-error\" required><\/div><div id=\"wpforms-120-field_4-container\" class=\"wpforms-field wpforms-field-text\" data-field-id=\"4\"><label class=\"wpforms-field-label\" for=\"wpforms-120-field_4\">Telefon kontaktowy<\/label><input type=\"text\" id=\"wpforms-120-field_4\" class=\"wpforms-field-medium\" name=\"wpforms[fields][4]\" aria-errormessage=\"wpforms-120-field_4-error\" ><\/div><div id=\"wpforms-120-field_2-container\" class=\"wpforms-field wpforms-field-textarea\" data-field-id=\"2\"><label class=\"wpforms-field-label\" for=\"wpforms-120-field_2\">Wiadomo\u015b\u0107<\/label><textarea id=\"wpforms-120-field_2\" class=\"wpforms-field-medium\" name=\"wpforms[fields][2]\" aria-errormessage=\"wpforms-120-field_2-error\" ><\/textarea><\/div><\/div><!-- .wpforms-field-container --><div class=\"wpforms-recaptcha-container wpforms-is-hcaptcha\" ><div class=\"h-captcha\" data-sitekey=\"3868596e-6ec6-42c2-b8f8-3f4c9e1e4e70\"><\/div><input type=\"text\" name=\"g-recaptcha-hidden\" class=\"wpforms-recaptcha-hidden\" style=\"position:absolute!important;clip:rect(0,0,0,0)!important;height:1px!important;width:1px!important;border:0!important;overflow:hidden!important;padding:0!important;margin:0!important;\" data-rule-hcaptcha=\"1\"><\/div><div class=\"wpforms-submit-container\" ><input type=\"hidden\" name=\"wpforms[id]\" value=\"120\"><input type=\"hidden\" name=\"page_title\" value=\"\"><input type=\"hidden\" name=\"page_url\" value=\"https:\/\/fotomk.pl\/index.php\/wp-json\/wp\/v2\/pages\/38\"><input type=\"hidden\" name=\"url_referer\" value=\"\"><button type=\"submit\" name=\"wpforms[submit]\" id=\"wpforms-submit-120\" class=\"wpforms-submit\" data-alt-text=\"Wysy\u0142anie...\" data-submit-text=\"Prze\u015blij\" aria-live=\"assertive\" value=\"wpforms-submit\">Prze\u015blij<\/button><img loading=\"lazy\" decoding=\"async\" src=\"https:\/\/fotomk.pl\/wp-content\/plugins\/wpforms-lite\/assets\/images\/submit-spin.svg\" class=\"wpforms-submit-spinner\" style=\"display: none;\" width=\"26\" height=\"26\" alt=\"Wczytywanie\"><\/div><\/form><\/div>  <!-- .wpforms-container -->\n","protected":false},"excerpt":{"rendered":"<p>Znalaz\u0142e\u015b wolny termin, i jeste\u015b zainteresowany, napisz do mnie:<\/p>\n","protected":false},"author":1,"featured_media":0,"parent":0,"menu_order":0,"comment_status":"closed","ping_status":"closed","template":"","meta":{"ngg_post_thumbnail":0,"footnotes":""},"class_list":["post-38","page","type-page","status-publish","hentry"],"_links":{"self":[{"href":"https:\/\/fotomk.pl\/index.php\/wp-json\/wp\/v2\/pages\/38","targetHints":{"allow":["GET"]}}],"collection":[{"href":"https:\/\/fotomk.pl\/index.php\/wp-json\/wp\/v2\/pages"}],"about":[{"href":"https:\/\/fotomk.pl\/index.php\/wp-json\/wp\/v2\/types\/page"}],"author":[{"embeddable":true,"href":"https:\/\/fotomk.pl\/index.php\/wp-json\/wp\/v2\/users\/1"}],"replies":[{"embeddable":true,"href":"https:\/\/fotomk.pl\/index.php\/wp-json\/wp\/v2\/comments?post=38"}],"version-history":[{"count":4,"href":"https:\/\/fotomk.pl\/index.php\/wp-json\/wp\/v2\/pages\/38\/revisions"}],"predecessor-version":[{"id":123,"href":"https:\/\/fotomk.pl\/index.php\/wp-json\/wp\/v2\/pages\/38\/revisions\/123"}],"wp:attachment":[{"href":"https:\/\/fotomk.pl\/index.php\/wp-json\/wp\/v2\/media?parent=38"}],"curies":[{"name":"wp","href":"https:\/\/api.w.org\/{rel}","templated":true}]}}