{"id":64,"date":"2024-12-30T11:31:25","date_gmt":"2024-12-30T10:31:25","guid":{"rendered":"https:\/\/fotomk.pl\/?page_id=64"},"modified":"2026-03-24T21:37:09","modified_gmt":"2026-03-24T20:37:09","slug":"witaj","status":"publish","type":"page","link":"https:\/\/fotomk.pl\/","title":{"rendered":"Witaj"},"content":{"rendered":"\n<p class=\"has-text-align-left\">mam na imi\u0119 Marcin i ciesz\u0119 si\u0119, \u017ce tu jeste\u015b. To pierwszy krok do zrobienia fajnych fotek nie za miliony. Zajmuje si\u0119 fotografi\u0105 reporta\u017cow\u0105 g\u0142\u00f3wnie na terenie wojew\u00f3dztwa \u0142\u00f3dzkiego, ale nie tylko!<\/p>\n\n\n\n<p>Zapraszam Ci\u0119, to zapoznania si\u0119 z moim portfolio. W terminarzu sprawdzisz moj\u0105 dost\u0119pno\u015b\u0107, a po wype\u0142nieniu formularza kontaktowego odezw\u0119 si\u0119 tak szybko jak tylko to mo\u017cliwe.<\/p>\n\n\n\n<p>Do us\u0142yszenia!!!<\/p>\n\n\n\n<figure class=\"wp-block-image size-full\"><img loading=\"lazy\" decoding=\"async\" width=\"960\" height=\"950\" src=\"https:\/\/fotomk.pl\/wp-content\/uploads\/2024\/12\/445782350_122095576016336410_6782135321686516730_n.jpg\" alt=\"\" class=\"wp-image-271\" srcset=\"https:\/\/fotomk.pl\/wp-content\/uploads\/2024\/12\/445782350_122095576016336410_6782135321686516730_n.jpg 960w, https:\/\/fotomk.pl\/wp-content\/uploads\/2024\/12\/445782350_122095576016336410_6782135321686516730_n-300x297.jpg 300w, https:\/\/fotomk.pl\/wp-content\/uploads\/2024\/12\/445782350_122095576016336410_6782135321686516730_n-768x760.jpg 768w, https:\/\/fotomk.pl\/wp-content\/uploads\/2024\/12\/445782350_122095576016336410_6782135321686516730_n-364x360.jpg 364w\" sizes=\"auto, (max-width: 960px) 100vw, 960px\" \/><\/figure>\n","protected":false},"excerpt":{"rendered":"<p>mam na imi\u0119 Marcin i ciesz\u0119 si\u0119, \u017ce tu jeste\u015b. To pierwszy krok do zrobienia fajnych fotek nie za miliony. Zajmuje si\u0119 fotografi\u0105 reporta\u017cow\u0105 g\u0142\u00f3wnie na terenie wojew\u00f3dztwa \u0142\u00f3dzkiego, ale nie tylko! Zapraszam Ci\u0119, to zapoznania si\u0119 z moim portfolio&#8230;.<\/p>\n","protected":false},"author":1,"featured_media":0,"parent":0,"menu_order":0,"comment_status":"closed","ping_status":"closed","template":"","meta":{"ngg_post_thumbnail":0,"footnotes":""},"class_list":["post-64","page","type-page","status-publish","hentry"],"_links":{"self":[{"href":"https:\/\/fotomk.pl\/index.php\/wp-json\/wp\/v2\/pages\/64","targetHints":{"allow":["GET"]}}],"collection":[{"href":"https:\/\/fotomk.pl\/index.php\/wp-json\/wp\/v2\/pages"}],"about":[{"href":"https:\/\/fotomk.pl\/index.php\/wp-json\/wp\/v2\/types\/page"}],"author":[{"embeddable":true,"href":"https:\/\/fotomk.pl\/index.php\/wp-json\/wp\/v2\/users\/1"}],"replies":[{"embeddable":true,"href":"https:\/\/fotomk.pl\/index.php\/wp-json\/wp\/v2\/comments?post=64"}],"version-history":[{"count":8,"href":"https:\/\/fotomk.pl\/index.php\/wp-json\/wp\/v2\/pages\/64\/revisions"}],"predecessor-version":[{"id":1399,"href":"https:\/\/fotomk.pl\/index.php\/wp-json\/wp\/v2\/pages\/64\/revisions\/1399"}],"wp:attachment":[{"href":"https:\/\/fotomk.pl\/index.php\/wp-json\/wp\/v2\/media?parent=64"}],"curies":[{"name":"wp","href":"https:\/\/api.w.org\/{rel}","templated":true}]}}